{"id":5844,"date":"2023-09-13T16:33:44","date_gmt":"2023-09-13T14:33:44","guid":{"rendered":"http:\/\/www.byaconsultoria.es\/?page_id=5844"},"modified":"2023-09-13T16:33:44","modified_gmt":"2023-09-13T14:33:44","slug":"politica-de-cookies","status":"publish","type":"page","link":"http:\/\/www.byaconsultoria.es\/?page_id=5844","title":{"rendered":"Pol\u00edtica de cookies"},"content":{"rendered":"<p><strong>Pol\u00edtica de cookies<\/strong><\/p>\n<p>En esta web recopilamos y utilizamos la informaci\u00f3n seg\u00fan indicamos en nuestra pol\u00edtica de privacidad. Una de las formas en las que recopilamos informaci\u00f3n es a trav\u00e9s del uso de la tecnolog\u00eda llamada \u201ccookies\u201d. En www.byaconsultoria.es, utilizamos cookies para varias cosas.<\/p>\n<p><strong>\u00bfQu\u00e9 es una cookie?<\/strong><\/p>\n<p>Una cookie es un archivo que se almacena en el navegador del usuario mientras se navega por diferentes sitios web. Este archivo permite obtener informaci\u00f3n sobre las preferencias del usuario y sus pautas de navegaci\u00f3n. Una cookie no es un virus, troyano o spam.<\/p>\n<p>Las cookies no suelen almacenar informaci\u00f3n sensible sobre usted, como tarjetas de cr\u00e9dito o datos bancarios, fotograf\u00edas o informaci\u00f3n personal, etc. Los datos que guardan son de car\u00e1cter t\u00e9cnico, estad\u00edsticos, preferencias personales, personalizaci\u00f3n de contenidos, etc.<\/p>\n<p><strong>\u00bfQu\u00e9 tipo de cookies existen?<\/strong><\/p>\n<ul>\n<li><strong>Cookies t\u00e9cnicas:\u00a0<\/strong>Son las m\u00e1s elementales y permiten, entre otras cosas, saber cu\u00e1ndo est\u00e1 navegando un humano o una aplicaci\u00f3n automatizada, cu\u00e1ndo navega un usuario an\u00f3nimo y uno registrado, tareas b\u00e1sicas para el funcionamiento de cualquier web din\u00e1mica.<\/li>\n<li><strong>Cookies de an\u00e1lisis:\u00a0<\/strong>Recogen informaci\u00f3n sobre el tipo de navegaci\u00f3n que est\u00e1 realizando, las secciones que m\u00e1s utiliza, productos consultados, franja horaria de uso, idioma, etc.<\/li>\n<li><strong>Cookies publicitarias:\u00a0<\/strong>Muestran publicidad en funci\u00f3n de su navegaci\u00f3n, su pa\u00eds de procedencia, idioma, etc.<\/li>\n<\/ul>\n<p><strong>\u00bfQu\u00e9 son las cookies propias y las de terceros?<\/strong><\/p>\n<p>Las cookies propias son las generadas por la p\u00e1gina que est\u00e1 visitando y las de terceros son las generadas por servicios o proveedores externos como Mailchimp, Mailrelay, Facebook, Twitter, Google adsense, etc.<\/p>\n<p><strong>Cookies utilizadas en <\/strong><strong>www.byaconsultoria.es<\/strong><\/p>\n<p>Esta web utiliza cookies propias y de terceros. En este sitio web se utilizan las siguientes cookies que se detallan a continuaci\u00f3n:<\/p>\n<p><em>Cookies propias:<\/em><\/p>\n<ul>\n<li><strong>Inicio de sesi\u00f3n:<\/strong>Estas cookies permiten recordar el nombre de usuario y la contrase\u00f1a.<\/li>\n<li><strong>Personalizaci\u00f3n:<\/strong>Estas cookies permiten recordar con qu\u00e9 personas o sitios web interact\u00faa el usuario.<\/li>\n<li><strong>Preferencias:\u00a0<\/strong>Recuerdan ajustes y preferencias, como el idioma preferido y tu configuraci\u00f3n de privacidad.<\/li>\n<li><strong>Seguridad:<\/strong>En www.byaconsultoria.es utilizamos cookies para evitar riesgos de seguridad.<\/li>\n<\/ul>\n<p><em>Cookies de terceros:<\/em><\/p>\n<p>www.byaconsultoria.es utiliza servicios de an\u00e1lisis, como Google Analytics, para analizar el uso que hacen los usuarios del sitio web y mejorar la usabilidad del mismo, pero en ning\u00fan caso se asocian a datos que pudieran llegar a identificar al usuario. Google Analytics, es un servicio anal\u00edtico de web prestado por Google, Inc., Se pueden consultar\u00a0<a href=\"https:\/\/www.google.es\/intl\/es\/policies\/technologies\/types\/\">aqu\u00ed<\/a>\u00a0el tipo de cookies utilizadas por Google.<\/p>\n<p>Las cookies de redes sociales pueden almacenarse en su navegador mientras navega por\u00a0www.byaconsultoria.es por ejemplo, cuando utiliza el bot\u00f3n de compartir contenidos de\u00a0www.byaconsultoria.es en alguna red social.<\/p>\n<p>A continuaci\u00f3n tienes informaci\u00f3n sobre las cookies de las redes sociales que utiliza esta web en sus propias pol\u00edticas de cookies:<\/p>\n<p>Cookies de Google+, ver m\u00e1s informaci\u00f3n en su\u00a0<a href=\"http:\/\/www.google.com\/intl\/es\/policies\/technologies\/types\/\">pol\u00edtica de cookies<\/a><\/p>\n<p>&nbsp;<\/p>\n<p><strong>C\u00f3mo eliminar las cookies<\/strong><\/p>\n<p>El usuario puede eliminar y bloquear las cookies de forma general o particular para un dominio espec\u00edfico. Esto se realiza desde la configuraci\u00f3n del navegador:<\/p>\n<ul>\n<li>Configuraci\u00f3n de cookies para\u00a0<a href=\"https:\/\/support.google.com\/chrome\/answer\/95647?hl=es\">Google Chrome<\/a><\/li>\n<li>Configuraci\u00f3n de cookies para\u00a0<a href=\"https:\/\/support.apple.com\/es-es\/HT201265\">Apple Safari<\/a><\/li>\n<li>Configuraci\u00f3n de cookies para\u00a0<a href=\"https:\/\/support.microsoft.com\/en-us\/help\/17442\/windows-internet-explorer-delete-manage-cookies#ie=ie-10\">Internet Explorer<\/a><\/li>\n<li>Configuraci\u00f3n de cookies para\u00a0<a href=\"https:\/\/support.mozilla.org\/es\/kb\/habilitar-y-deshabilitar-cookies-sitios-web-rastrear-preferencias?redirectlocale=es&amp;redirectslug=habilitar-y-deshabilitar-cookies-que-los-sitios-we\">Mozilla Firefox<\/a><\/li>\n<\/ul>\n<p><strong>M\u00e1s informaci\u00f3n sobre las cookies<\/strong><\/p>\n<p>Puedes consultar el reglamento sobre cookies publicado por la Agencia Espa\u00f1ola de Protecci\u00f3n de Datos en su \u201cGu\u00eda sobre el uso de las cookies\u201d y obtener m\u00e1s informaci\u00f3n sobre las cookies en Internet,\u00a0<a href=\"https:\/\/www.aboutcookies.org\/\">https:\/\/www.aboutcookies.org\/<\/a><\/p>\n<p>Si desea tener un mayor control sobre la instalaci\u00f3n de cookies, puede instalar programas o complementos a su navegador, conocidos como herramientas de \u201cDo Not Track\u201d, que le permitir\u00e1n escoger aquellas cookies que desea permitir.<\/p>\n","protected":false},"excerpt":{"rendered":"<p>Pol\u00edtica de cookies En esta web recopilamos y utilizamos la informaci\u00f3n seg\u00fan indicamos en nuestra pol\u00edtica de privacidad. Una de las formas en las que recopilamos informaci\u00f3n es a trav\u00e9s del uso de la tecnolog\u00eda llamada \u201ccookies\u201d. En www.byaconsultoria.es, utilizamos cookies para varias cosas. \u00bfQu\u00e9 es una cookie? Una cookie es un archivo que se [&hellip;]<\/p>\n","protected":false},"author":1,"featured_media":0,"parent":0,"menu_order":0,"comment_status":"closed","ping_status":"closed","template":"","meta":{"footnotes":""},"class_list":["post-5844","page","type-page","status-publish","hentry"],"_links":{"self":[{"href":"http:\/\/www.byaconsultoria.es\/index.php?rest_route=\/wp\/v2\/pages\/5844","targetHints":{"allow":["GET"]}}],"collection":[{"href":"http:\/\/www.byaconsultoria.es\/index.php?rest_route=\/wp\/v2\/pages"}],"about":[{"href":"http:\/\/www.byaconsultoria.es\/index.php?rest_route=\/wp\/v2\/types\/page"}],"author":[{"embeddable":true,"href":"http:\/\/www.byaconsultoria.es\/index.php?rest_route=\/wp\/v2\/users\/1"}],"replies":[{"embeddable":true,"href":"http:\/\/www.byaconsultoria.es\/index.php?rest_route=%2Fwp%2Fv2%2Fcomments&post=5844"}],"version-history":[{"count":1,"href":"http:\/\/www.byaconsultoria.es\/index.php?rest_route=\/wp\/v2\/pages\/5844\/revisions"}],"predecessor-version":[{"id":5845,"href":"http:\/\/www.byaconsultoria.es\/index.php?rest_route=\/wp\/v2\/pages\/5844\/revisions\/5845"}],"wp:attachment":[{"href":"http:\/\/www.byaconsultoria.es\/index.php?rest_route=%2Fwp%2Fv2%2Fmedia&parent=5844"}],"curies":[{"name":"wp","href":"https:\/\/api.w.org\/{rel}","templated":true}]}}