{"id":5846,"date":"2023-09-13T16:35:05","date_gmt":"2023-09-13T14:35:05","guid":{"rendered":"http:\/\/www.byaconsultoria.es\/?page_id=5846"},"modified":"2023-09-19T11:49:07","modified_gmt":"2023-09-19T09:49:07","slug":"politica-de-privacidad","status":"publish","type":"page","link":"http:\/\/www.byaconsultoria.es\/?page_id=5846","title":{"rendered":"Pol\u00edtica de privacidad"},"content":{"rendered":"<p>[vc_row][vc_column][vc_column_text el_class=\u00bbjust1&#8243;]BUSINES ADVICE CONSULTORIA Y AUDITORIA S.L. ha adecuado esta web a las exigencias de la LEY ORG\u00c1NICA 3\/2018, de 5 de diciembre, de Protecci\u00f3n de Datos Personales y garant\u00eda de los derechos digitales y del REGLAMENTO (UE) 2016\/679 DEL PARLAMENTO EUROPEO Y DEL CONSEJO de 27 de abril de 2016 relativo a la protecci\u00f3n de las personas f\u00edsicas en lo que respecta al tratamiento de datos personales y a la libre circulaci\u00f3n de estos datos y por el que se deroga la Directiva 95\/46\/CE (Reglamento general de protecci\u00f3n de datos), as\u00ed como con la Ley 34\/2002, de 11 de julio, de Servicios de la Sociedad de la Informaci\u00f3n y Comercio Electr\u00f3nico (LSSICE o LSSI).<\/p>\n<p>Responsable del tratamiento de tus datos personales<\/p>\n<ul>\n<li><strong>Identidad del Responsable:<\/strong>BUSINES ADVICE CONSULTORIA Y AUDITORIA S.L.<\/li>\n<li><strong>Nombre comercial:<\/strong>BECERRA &amp; ASOCIADOS<\/li>\n<li><strong>CIF:<\/strong>B90159211<\/li>\n<li><strong>Direcci\u00f3n:<\/strong> C\/. Altozano, 2 \u2013 41940 Tomares \u2013 SEVILLA<\/li>\n<li><strong>Correo electr\u00f3nico:<\/strong><a href=\"mailto:info@byaconsultoria.es\">mbecerra@byaconsultoria.es<\/a><\/li>\n<\/ul>\n<p>A efectos de lo previsto en el Reglamento General de Protecci\u00f3n de Datos antes citado, los datos personales que nos env\u00edes a trav\u00e9s de los formularios de la web, recibir\u00e1n el tratamiento de datos de \u201c<em>Potenciales Clientes<\/em>\u201d. Para el tratamiento de datos de nuestros usuarios, implementamos todas las medidas t\u00e9cnicas y organizativas de seguridad establecidas en la legislaci\u00f3n vigente.<\/p>\n<p><strong>Principios que aplicaremos a tu informaci\u00f3n personal<\/strong><\/p>\n<p>En el tratamiento de tus datos personales, aplicaremos los siguientes principios que se ajustan a las exigencias del nuevo reglamento europeo de protecci\u00f3n de datos:<\/p>\n<p><strong>Principio de licitud, lealtad y transparencia<\/strong>: Siempre vamos a requerir tu consentimiento para el tratamiento de tus datos personales para uno o varios fines espec\u00edficos que te informaremos previamente con absoluta transparencia.<\/p>\n<p><strong>Principio de minimizaci\u00f3n de datos<\/strong>: Solo vamos a solicitar datos estrictamente necesarios en relaci\u00f3n con los fines para los que los requerimos. Los m\u00ednimos posibles.<\/p>\n<p><strong>Principio de limitaci\u00f3n del plazo de conservaci\u00f3n<\/strong>: los datos ser\u00e1n mantenidos durante no m\u00e1s tiempo del necesario para los fines del tratamiento, en funci\u00f3n a la finalidad, te informaremos del plazo de conservaci\u00f3n correspondiente. En el caso de suscripciones, peri\u00f3dicamente revisaremos nuestras listas y eliminaremos aquellos registros inactivos durante un tiempo considerable.<\/p>\n<p><strong>Principio de integridad y confidencialidad<\/strong>: Tus datos ser\u00e1n tratados de tal manera que se garantice una seguridad adecuada de los datos personales y se garantice confidencialidad. Debes saber que tomamos todas las precauciones necesarias para evitar el acceso no autorizado o uso indebido de los datos de nuestros usuarios por parte de terceros.<\/p>\n<p><strong>\u00bfC\u00f3mo obtenemos los datos personales?<\/strong><\/p>\n<p>&nbsp;<\/p>\n<p>Los datos personales que tratamos en www.certificacion-iso.es proceden de:<\/p>\n<ul>\n<li>Formulario de contacto<\/li>\n<li>Comentarios en blog<\/li>\n<\/ul>\n<p><strong>\u00bfCu\u00e1les son tus derechos cuando nos facilitas tus datos?<\/strong><\/p>\n<p>Cualquier persona tiene derecho a obtener confirmaci\u00f3n sobre si en www.certificacion-iso.es estamos tratando datos personales que me concierne, o no.<\/p>\n<p>Las personas interesadas tienen derecho a:<\/p>\n<ul>\n<li>Solicitar el\u00a0<strong>acceso<\/strong>a los datos personales relativos al interesado<\/li>\n<li>Solicitar su\u00a0<strong>rectificaci\u00f3n<\/strong>o\u00a0<strong>supresi\u00f3n<\/strong><\/li>\n<li>Solicitar la\u00a0<strong>limitaci\u00f3n<\/strong>de su tratamiento<\/li>\n<li><strong>Oponerse<\/strong>al tratamiento<\/li>\n<li>Solicitar la\u00a0<strong>portabilidad<\/strong>de los datos los interesados podr\u00e1n acceder a sus datos personales, as\u00ed como a solicitar la rectificaci\u00f3n de los datos inexactos o, en su caso, solicitar su supresi\u00f3n cuando, entre otros motivos, los datos ya no sean necesarios para los fines que fueron recogidos. En determinadas circunstancias, los interesados podr\u00e1n solicitar la limitaci\u00f3n del tratamiento de sus datos, en cuyo caso \u00fanicamente los conservar\u00e9 para el ejercicio o la defensa de reclamaciones.<\/li>\n<\/ul>\n<p>&nbsp;<\/p>\n<p>En determinadas circunstancias y por motivos relacionados con su situaci\u00f3n particular, los interesados podr\u00e1n oponerse al tratamiento de sus datos. BUSINES ADVICE CONSULTORIA Y AUDITORIA S.L. dejar\u00e1 de tratar los datos, salvo por motivos leg\u00edtimos imperiosos, o el ejercicio o la defensa de posibles reclamaciones. C\u00f3mo interesado, tienes derecho a recibir los datos personales que te incumban, que nos hayas facilitado y en un formato estructurado, de uso com\u00fan y lectura mec\u00e1nica, y a transmitirlos a otro responsable del tratamiento cuando:<\/p>\n<ul>\n<li>El tratamiento est\u00e9 basado en el consentimiento.<\/li>\n<li>Los datos hayan sido facilitados por la persona interesada.<\/li>\n<li>El tratamiento se efect\u00fae por medios automatizados.<\/li>\n<\/ul>\n<p>&nbsp;<\/p>\n<p>Al ejercer tu derecho a la portabilidad de los datos, tendr\u00e1s derecho a que los datos personales se transmitan directamente de responsable a responsable cuando sea t\u00e9cnicamente posible.<\/p>\n<p>Los interesados tambi\u00e9n tendr\u00e1n derecho a la tutela judicial efectiva y a presentar una reclamaci\u00f3n ante la autoridad de control, en este caso, la Agencia Espa\u00f1ola de Protecci\u00f3n de Datos, si consideran que el tratamiento de datos personales que le conciernen infringe el Reglamento.<\/p>\n<p><strong>\u00bfCon qu\u00e9 finalidad tratamos tus datos personales?<\/strong><\/p>\n<p>Cuando un usuario se conecta con esta web por ejemplo para comentar un post, mandar un correo al titular, suscribirse o realizar alguna contrataci\u00f3n, est\u00e1 facilitando informaci\u00f3n de car\u00e1cter personal de la que es responsable BUSINES ADVICE CONSULTORIA Y AUDITORIA S.L. Esa informaci\u00f3n puede incluir datos de car\u00e1cter personal como pueden ser tu direcci\u00f3n IP, nombre, direcci\u00f3n f\u00edsica, direcci\u00f3n de correo electr\u00f3nico, n\u00famero de tel\u00e9fono, y otra informaci\u00f3n. Al facilitar esta informaci\u00f3n, el usuario da su consentimiento para que su informaci\u00f3n sea recopilada, utilizada, gestionada y almacenada por www.certificacion-iso.es, s\u00f3lo como se describe en el Aviso Legal y en la presente Pol\u00edtica de Privacidad.<\/p>\n<p>En www.certificacion-iso.es existen diferentes sistemas de captura de informaci\u00f3n personal y trato la informaci\u00f3n que nos facilitan las personas interesadas con el siguiente fin por cada sistema de captura (formularios):<\/p>\n<p><strong>Formulario de contacto<\/strong>: Solicitamos los siguientes datos personales: Nombre, Email, para responder a los requerimientos de los usuarios de www.certificacion-iso.es. Por ejemplo, podemos utilizar esos datos para responder a tu solicitud y dar respuesta a las dudas, quejas, comentarios o inquietudes que puedas tener relativas a la informaci\u00f3n incluida en la web, los servicios que se prestan a trav\u00e9s de la web, el tratamiento de sus datos personales, cuestiones referentes a los textos legales incluidos en la web, as\u00ed como cualesquiera otras consultas que puedas tener y que no est\u00e9n sujetas a las condiciones de contrataci\u00f3n. Te informo que los datos que nos facilitas estar\u00e1n ubicados en los servidores de Nubeado \u00a0(proveedor de BUSINES ADVICE CONSULTORIA Y AUDITORIA S.L.) dentro de la UE.<\/p>\n<p><strong>Formulario de alta para comentarios del blog<\/strong>: Para comentar las publicaciones del blog de www.certificacion-iso.es se requiere que el usuario se den de alta a trav\u00e9s de este formulario. En este caso, solicitamos los siguientes datos personales: Nombre, Email, Sitio web. Una vez dado de alta, el usuario podr\u00e1 realizar tantos comentarios como desee y dar respuesta sobre los anteriores. Te informo que los datos que nos facilitas estar\u00e1n ubicados en los servidores de Nubeado (proveedor de BUSINES ADVICE CONSULTORIA Y AUDITORIA S.L.) dentro de la UE.<\/p>\n<p>&nbsp;<\/p>\n<p>Existen otras finalidades por la que tratamos tus datos personales:<\/p>\n<p>Para garantizar el cumplimiento de las condiciones de uso y la ley aplicable. Esto puede incluir el desarrollo de herramientas y algoritmos que ayudan a esta web a garantizar la confidencialidad de los datos personales que recoge.<\/p>\n<p>Para apoyar y mejorar los servicios que ofrece esta web.<\/p>\n<p>Tambi\u00e9n se recogen otros datos no identificativos que se obtienen mediante algunas cookies que se descargan en el ordenador del usuario cuando navega en esta web que detallo en la pol\u00edtica de cookies.<\/p>\n<p>Para gestionar las redes sociales. www.certificacion-iso.es puede tener presencia en redes sociales. El tratamiento de los datos que se lleve a cabo de las personas que se hagan seguidoras en las redes sociales de las p\u00e1ginas oficiales de www.certificacion-iso.es se regir\u00e1 por este apartado. As\u00ed como por aquellas condiciones de uso, pol\u00edticas de privacidad y normativas de acceso que pertenezcan a la red social que proceda en cada caso y aceptadas previamente por el usuario de BUSINES ADVICE CONSULTORIA Y AUDITORIA S.L. Tratar\u00e1 sus datos con las finalidades de administrar correctamente su presencia en la red social, informando de actividades y servicios de www.certificacion-iso.es. As\u00ed como para cualquier otra finalidad que las normativas de las redes sociales permitan. En ning\u00fan caso utilizaremos los perfiles de seguidores en redes sociales para enviar publicidad de manera individual.<\/p>\n<p>De acuerdo a lo establecido en el reglamento general de protecci\u00f3n de datos europeo (RGPD) 2016\/679, BUSINES ADVICE CONSULTORIA Y AUDITORIA S.L. con domicilio en C\/. Altozano, 2 \u2013 41940 Tomares \u2013 SEVILLA ser\u00e1 responsable del tratamiento de los datos correspondientes a Usuarios de la web y suscriptores.<\/p>\n<p>&nbsp;<\/p>\n<p>BUSINES ADVICE CONSULTORIA Y AUDITORIA S.L., no vende, alquila ni cede datos de car\u00e1cter personal que puedan identificar al usuario, ni lo har\u00e1 en el futuro, a terceros sin el consentimiento previo. Sin embargo, en algunos casos se pueden realizar colaboraciones con otros profesionales, en esos casos, se requerir\u00e1 consentimiento a los usuarios informando sobre la identidad del colaborador y la finalidad de la colaboraci\u00f3n. Siempre se realizar\u00e1 con los m\u00e1s estrictos est\u00e1ndares de seguridad.<\/p>\n<p><strong>Legitimaci\u00f3n para el tratamiento de tus datos<\/strong><\/p>\n<p>La base legal para el tratamiento de sus datos es: el\u00a0<em>consentimiento<\/em>.<\/p>\n<p>Para contactar o realizar comentarios en esta web se requiere el consentimiento con esta pol\u00edtica de privacidad.<\/p>\n<p>La oferta prospectiva o comercial de productos y servicios est\u00e1 basada en el consentimiento que se le solicita, sin que en ning\u00fan caso la retirada de este consentimiento condicione la ejecuci\u00f3n del contrato de suscripci\u00f3n.<\/p>\n<p>Tambi\u00e9n la contrataci\u00f3n de productos y servicios seg\u00fan los t\u00e9rminos y condiciones que constan en la POL\u00cdTICA COMERCIAL<\/p>\n<p><strong>Categor\u00eda de datos<\/strong><\/p>\n<p>Las categor\u00edas de datos que se tratan son datos identificativos. No se tratan categor\u00edas de datos especialmente protegidos.<\/p>\n<p><strong>\u00bfPor cu\u00e1nto tiempo conservaremos tus datos?<\/strong><\/p>\n<p>Los datos personales proporcionados se conservar\u00e1n:<\/p>\n<ul>\n<li>Mientras se mantenga la relaci\u00f3n mercantil.<\/li>\n<li>Hasta que no se solicite su supresi\u00f3n por el interesado.<\/li>\n<li>Periodo a partir de la \u00faltima confirmaci\u00f3n de inter\u00e9s: 1 a\u00f1o.<\/li>\n<\/ul>\n<p>&nbsp;<\/p>\n<p><strong>\u00bfA qu\u00e9 destinatarios se comunicar\u00e1n tus datos?<\/strong><\/p>\n<p>Muchas herramientas que utilizamos para gestionar tus datos son contratados por terceros. Para prestar servicios estrictamente necesarios para el desarrollo de la actividad, www.certificacion-iso.es, comparte datos con los siguientes prestadores bajo sus correspondientes condiciones de privacidad:<\/p>\n<p><em>Google Analytics<\/em>: un servicio anal\u00edtico de web prestado por Google, Inc., una compa\u00f1\u00eda de Delaware cuya oficina principal est\u00e1 en 1600 Amphitheatre Parkway, Mountain View (California), CA 94043, Estados Unidos (\u201cGoogle\u201d). Google Analytics utiliza \u201ccookies\u201d, que son archivos de texto ubicados en tu ordenador, para ayudar a www.certificacion-iso.es a analizar el uso que hacen los usuarios del sitio web. La informaci\u00f3n que genera la cookie acerca de su uso de www.certificacion-iso.es (incluyendo tu direcci\u00f3n IP) ser\u00e1 directamente transmitida y archivada por Google en los servidores de Estados Unidos.<\/p>\n<p><em>Hosting<\/em>: Nubeado., con domicilio en Espa\u00f1a. M\u00e1s informaci\u00f3n en: www.nubeado.com. Nubeado System trata los datos con la finalidad de realizar sus servicios de hosting a BUSINES ADVICE CONSULTORIA Y AUDITORIA S.L.<\/p>\n<p><strong>Navegaci\u00f3n<\/strong><\/p>\n<p>Al navegar por www.certificacion-iso.es se pueden recoger datos no identificables, que pueden incluir, direcciones IP, ubicaci\u00f3n geogr\u00e1fica (aproximadamente), un registro de c\u00f3mo se utilizan los servicios y sitios, y otros datos que no pueden ser utilizados para identificar al usuario. Entre los datos no identificativos est\u00e1n tambi\u00e9n los relacionados a tus h\u00e1bitos de navegaci\u00f3n a trav\u00e9s de servicios de terceros. Esta web utiliza los siguientes servicios de an\u00e1lisis de terceros:<\/p>\n<ul>\n<li>Google analytics<\/li>\n<li>Utilizamos esta informaci\u00f3n para analizar tendencias, administrar el sitio, rastrear los movimientos de los usuarios alrededor del sitio y para recopilar informaci\u00f3n demogr\u00e1fica sobre nuestra base de usuarios en su conjunto.<\/li>\n<\/ul>\n<p><strong>Secreto y seguridad de los datos<\/strong><\/p>\n<p>www.certificacion-iso.es se compromete en el uso y tratamiento de los datos incluidos personales de los usuarios, respetando su confidencialidad y a utilizarlos de acuerdo con la finalidad del mismo, as\u00ed como a dar cumplimiento a su obligaci\u00f3n de guardarlos y adaptar todas las medidas para evitar la alteraci\u00f3n, p\u00e9rdida, tratamiento o acceso no autorizado, de conformidad con lo establecido en la normativa vigente de protecci\u00f3n de datos.<\/p>\n<p>Esta web incluye un certificado SSL. Se trata de un protocolo de seguridad que hace que tus datos viajen de manera \u00edntegra y segura, es decir, la transmisi\u00f3n de los datos entre un servidor y usuario web, y en retroalimentaci\u00f3n, es totalmente cifrada o encriptada.<\/p>\n<p>www.certificacion-iso.es no puede garantizar la absoluta inexpugnabilidad de la red Internet y por tanto la violaci\u00f3n de los datos mediante accesos fraudulentos a ellos por parte de terceros.<\/p>\n<p>Con respecto a la confidencialidad del procesamiento, BUSINES ADVICE CONSULTORIA Y AUDITORIA S.L. se asegurar\u00e1 de que cualquier persona que est\u00e9 autorizada por Manuel Becerra para procesar los datos del cliente (incluido su personal, colaboradores y prestadores), estar\u00e1 bajo la obligaci\u00f3n apropiada de confidencialidad (ya sea un deber contractual o legal). Cuando se presente alg\u00fan incidente de seguridad, al darse cuenta BUSINES ADVICE CONSULTORIA Y AUDITORIA S.L. deber\u00e1 notificar al Cliente sin demoras indebidas y deber\u00e1 proporcionar informaci\u00f3n oportuna relacionada con el Incidente de Seguridad tal como se conozca o cuando el Cliente lo solicite razonablemente.<\/p>\n<p><strong>Exactitud y veracidad de los datos<\/strong><\/p>\n<p>Como usuario, eres el \u00fanico responsable de la veracidad y correcci\u00f3n de los datos que remitas a www.certificacion-iso.es exonerando a BUSINES ADVICE CONSULTORIA Y AUDITORIA S.L. de cualquier responsabilidad al respecto.<\/p>\n<p>Los usuarios garantizan y responden, en cualquier caso, de la exactitud, vigencia y autenticidad de los datos personales facilitados, y se comprometen a mantenerlos debidamente actualizados. El usuario acepta proporcionar informaci\u00f3n completa y correcta en el formulario de contacto o suscripci\u00f3n.<\/p>\n<p><strong>Aceptaci\u00f3n y consentimiento<\/strong><\/p>\n<p>El usuario declara haber sido informado de las condiciones sobre protecci\u00f3n de datos de car\u00e1cter personal, aceptando y consintiendo el tratamiento de los mismos por parte de BUSINES ADVICE CONSULTORIA Y AUDITORIA S.L. en la forma y para las finalidades indicadas en esta pol\u00edtica de privacidad.<\/p>\n<p><strong>Revocabilidad<\/strong><\/p>\n<p>El consentimiento prestado, tanto para el tratamiento como para la cesi\u00f3n de los datos de los interesados, es revocable en cualquier momento comunic\u00e1ndolo a BUSINES ADVICE CONSULTORIA Y AUDITORIA S.L. en los t\u00e9rminos establecidos en esta Pol\u00edtica para el ejercicio de los derechos ARCO. Esta revocaci\u00f3n en ning\u00fan caso tendr\u00e1 car\u00e1cter retroactivo.<\/p>\n<p><strong>Cambios en la pol\u00edtica de privacidad<\/strong><\/p>\n<p>BUSINES ADVICE CONSULTORIA Y AUDITORIA S.L. se reserva el derecho a modificar la presente pol\u00edtica para adaptarla a novedades legislativas o jurisprudenciales, as\u00ed como a pr\u00e1cticas de la industria.<\/p>\n<p><strong>Correos comerciales<\/strong><\/p>\n<p>De acuerdo con la LSSICE, www.certificacion-iso.es no realiza pr\u00e1cticas de SPAM, por lo que no env\u00eda correos comerciales por v\u00eda electr\u00f3nica que no hayan sido previamente solicitados o autorizados por el usuario. En consecuencia, en cada uno de los formularios habidos en la web, el usuario tiene la posibilidad de dar su consentimiento expreso para recibir el bolet\u00edn, con independencia de la informaci\u00f3n comercial puntualmente solicitada.<\/p>\n<p>Conforme a lo dispuesto en la Ley 34\/2002 de Servicios de la Sociedad de la Informaci\u00f3n y de comercio electr\u00f3nico, www.certificacion-iso.es se compromete a no enviar comunicaciones de car\u00e1cter comercial sin identificarlas debidamente.[\/vc_column_text][\/vc_column][\/vc_row]<\/p>\n","protected":false},"excerpt":{"rendered":"<p>[vc_row][vc_column][vc_column_text el_class=\u00bbjust1&#8243;]BUSINES ADVICE CONSULTORIA Y AUDITORIA S.L. ha adecuado esta web a las exigencias de la LEY ORG\u00c1NICA 3\/2018, de 5 de diciembre, de Protecci\u00f3n de Datos Personales y garant\u00eda de los derechos digitales y del REGLAMENTO (UE) 2016\/679 DEL PARLAMENTO EUROPEO Y DEL CONSEJO de 27 de abril de 2016 relativo a la protecci\u00f3n [&hellip;]<\/p>\n","protected":false},"author":1,"featured_media":0,"parent":0,"menu_order":0,"comment_status":"closed","ping_status":"closed","template":"","meta":{"footnotes":""},"class_list":["post-5846","page","type-page","status-publish","hentry"],"_links":{"self":[{"href":"http:\/\/www.byaconsultoria.es\/index.php?rest_route=\/wp\/v2\/pages\/5846","targetHints":{"allow":["GET"]}}],"collection":[{"href":"http:\/\/www.byaconsultoria.es\/index.php?rest_route=\/wp\/v2\/pages"}],"about":[{"href":"http:\/\/www.byaconsultoria.es\/index.php?rest_route=\/wp\/v2\/types\/page"}],"author":[{"embeddable":true,"href":"http:\/\/www.byaconsultoria.es\/index.php?rest_route=\/wp\/v2\/users\/1"}],"replies":[{"embeddable":true,"href":"http:\/\/www.byaconsultoria.es\/index.php?rest_route=%2Fwp%2Fv2%2Fcomments&post=5846"}],"version-history":[{"count":3,"href":"http:\/\/www.byaconsultoria.es\/index.php?rest_route=\/wp\/v2\/pages\/5846\/revisions"}],"predecessor-version":[{"id":6126,"href":"http:\/\/www.byaconsultoria.es\/index.php?rest_route=\/wp\/v2\/pages\/5846\/revisions\/6126"}],"wp:attachment":[{"href":"http:\/\/www.byaconsultoria.es\/index.php?rest_route=%2Fwp%2Fv2%2Fmedia&parent=5846"}],"curies":[{"name":"wp","href":"https:\/\/api.w.org\/{rel}","templated":true}]}}